{"id":344,"date":"2010-06-10T21:05:51","date_gmt":"2010-06-11T00:05:51","guid":{"rendered":"http:\/\/luhorta.com\/blog\/?page_id=344"},"modified":"2016-05-18T10:03:03","modified_gmt":"2016-05-18T13:03:03","slug":"english","status":"publish","type":"page","link":"https:\/\/luhorta.com\/blog\/english\/","title":{"rendered":"Bio"},"content":{"rendered":"<p><strong>Lu Horta voa sozinha e acompanhada<\/strong><\/p>\n<p>A cantora, compositora e percussionista corporal Lu Horta participou da forma\u00e7\u00e3o do grupo de percuss\u00e3o corporal <strong>Barbatuques<\/strong>, do qual ainda faz parte como integrante e preparadora vocal. Com eles, viaja pelo Brasil e pelo exterior fazendo shows em grandes festivais e ministrando oficinas de percuss\u00e3o vocal e corporal. Junto com o grupo tamb\u00e9m j\u00e1 lan\u00e7ou quatro CDs, O Corpo do Som (2002) e O Seguinte \u00e9 esse (2005), contemplado pelo Pr\u00eamio Tim de M\u00fasica em 2006, Tump\u00e1 (2012) e Ay\u00fa (2015); al\u00e9m do DVD Corpo do Som ao vivo (2007) e Tump\u00e1 ao vivo (2015). Com o Barbatuques participou de trilhas para cinema nos filmes &#8220;Tropa de Elite&#8221;, &#8220;Trash&#8221; e nas anima\u00e7\u00f5es &#8220;Rio 2&#8221; e &#8220;O Menino e o Mundo&#8221;, indicado ao Oscar em 2016 e onde teve a oportunidade de tamb\u00e9m representar uma das personagens.<br \/>\nEm paralelo, sabe estar quase sozinha no palco. Em 2003 lan\u00e7ou seu primeiro CD solo chamado apenas<strong> Lu Horta<\/strong>. No repert\u00f3rio, can\u00e7\u00f5es pr\u00f3prias e in\u00e9ditas de Chico C\u00e9sar e Arnaldo Antunes. Em 2009 lan\u00e7ou o seu segundo \u00e1lbum,\u00a0<strong>Para\u00edso Eu<\/strong>, produzido por Bruno Bonaventure. Um CD que reflete sua maturidade como int\u00e9rprete e compositora, e tudo que viveu at\u00e9 aqui. As novas parcerias com compositores paulistanos dividem espa\u00e7o com visitas \u00e0s obras de Vitor Ramil, Leandro Bomfim, Luciano Pessoa e Arnaldo Antunes.<br \/>\nAgora, em 2013, prepara-se para o lan\u00e7amento do seu projeto mais recente, <strong>A Noiva da<\/strong> <strong>Cidade<\/strong>, mais uma parceria com o m\u00fasico e produtor Marcelo Effori. Desde 2012, vem amadurecendo este novo repert\u00f3rio com apresenta\u00e7\u00f5es ao vivo e tamb\u00e9m atrav\u00e9s de grava\u00e7\u00f5es em \u00e1udio e v\u00eddeo divulgados pela web. Em outubro de 2012 teve a oportunidade de mostrar o resultado dessa pesquisa numa turn\u00ea em Nova York e em 2013 foi selecionada para apresentar este projeto no SXSW, um dos maiores festivais de m\u00fasica independente do mundo.<br \/>\nCom uma atmosfera muito particular e melodias pop pontuadas por elementos eletr\u00f4nicos e boa poesia, a voz suave de Lu Horta nos convida a um passeio. Ningu\u00e9m recusa.<\/p>\n<p><em>\u201cO som \u00e9 original e muito bem acabado. Tudo expressa seguran\u00e7a de quem tem algo a dizer e est\u00e1 encontrando a maneira mais adequada de faz\u00ea-lo. Ar sereno e pulso forte. Que ela exista mais e mais cantando.\u201d<\/em><br \/>\nArnaldo Antunes<\/p>\n<p><em>\u201c(&#8230;) Seu trabalho \u00e9 um soro potente contra a pregui\u00e7a e a anemia mental. \u00c9 o uivo urbano de uma gera\u00e7\u00e3o de artistas que se preparou e quer se fazer ouvir independentemente dos modismos. \u00c9 sempre um al\u00edvio quando aparece gente assim criativa, disposta, consciente.\u201d<\/em><br \/>\nChico C\u00e9sar<\/p>\n<p>&#8212;&#8212;&#8212;&#8212;&#8212;&#8212;&#8212;&#8212;&#8212;&#8212;&#8212;&#8212;&#8212;&#8212;&#8212;&#8212;&#8212;&#8212;&#8212;&#8212;&#8212;&#8212;&#8212;&#8212;&#8212;&#8212;&#8212;&#8212;&#8212;&#8211;<\/p>\n<p><strong>Lu Horta flies solo and accompanied<\/strong><\/p>\n<p>The singer, composer and body percussionist Lu Horta was part of the creation of the body percussion group<strong> Barbatuques<\/strong>. She is also a performer in the group and she is responsible for the vocals. She travels with the group all over Brazil and all around the world performing and teaching vocal and body percussion workshops. She has also released three cds with the group, O Corpo do Som (2002) and O Seguinte e esse (2005), which received the \u201cPremio Tim de Musica\u201d prize in 2006. The group also released the live DVD Corpo do Som in 2007 and Tumpa, their third cd in 2012.<br \/>\nParallel to her work with Barbatuques, she knows how to shine on her own on stage. In 2003 she released her first solo CD called <strong>Lu Horta<\/strong>.\u00a0 The repertoire includes her own compositions and new pieces by Chico Cesar and Arnaldo Antunes.<br \/>\n<strong>Paraiso Eu<\/strong>, the third CD was released in 2009. It reflects her maturity as a composer and as an interpreter. It is her most intimate work. In this CD Lu Horta revisits pieces by Arnaldo Antunes, Vitor Ramil, Leandro Bomfim, and Luciano Pessoa in addition to her new partnerships.<br \/>\nLu Horta Is now recording her latest work, <strong>A Noiva da Cidade<\/strong>. It\u2019s a multimedia music project that incorporates her research on eletronic and acoustic sound and it will be released on the web by July of 2013.\u00a0 This project has been developed with the musician and producer Marcelo Effori, with whom she has been preforming on stage in Brazil and in the US (they were in New York City in October of 2012). They were also selected to present this work in the most prestigious independent music festival in the US, the SXSW 2013.<br \/>\nLu Horta invites us on an adventure with her gentle voice, nice poetry and her unique pop melody. No one can resist it.<\/p>\n<p><em>\u201cThe sound is original and polished. All is expressed with the security of someone who has something to say and is finding\u00a0 the best way to do so. Serene soul and firm pulse.\u00a0 Longing for her singing more and more.\u201d<\/em><br \/>\nArnaldo Antunes<\/p>\n<p>&nbsp;<\/p>\n<p>&nbsp;<\/p>\n<div id=\"attachment_565\" style=\"width: 360px\" class=\"wp-caption alignleft\"><a href=\"https:\/\/luhorta.com\/blog\/wp-content\/uploads\/2009\/12\/Lu-Horta-by-Ina\u00ea-Coutinho.jpg\"><img loading=\"lazy\" decoding=\"async\" aria-describedby=\"caption-attachment-565\" class=\"wp-image-565 size-full\" title=\"Lu Horta by Ina\u00ea Coutinho\" src=\"https:\/\/luhorta.com\/blog\/wp-content\/uploads\/2009\/12\/Lu-Horta-by-Ina\u00ea-Coutinho.jpg\" alt=\"Lu Horta (cantora) by Ina\u00ea Coutinho\" width=\"350\" height=\"523\" srcset=\"https:\/\/luhorta.com\/blog\/wp-content\/uploads\/2009\/12\/Lu-Horta-by-Ina\u00ea-Coutinho.jpg 350w, https:\/\/luhorta.com\/blog\/wp-content\/uploads\/2009\/12\/Lu-Horta-by-Ina\u00ea-Coutinho-200x300.jpg 200w\" sizes=\"auto, (max-width: 350px) 100vw, 350px\" \/><\/a><p id=\"caption-attachment-565\" class=\"wp-caption-text\">Lu Horta by Ina\u00ea Coutinho<\/p><\/div>\n<p><a href=\"https:\/\/luhorta.com\/blog\/wp-content\/uploads\/2009\/12\/ensaio-fotogr\u00e1fico-capa-cd-1-0161.jpg\"><br \/>\n<\/a><\/p>\n<p><a href=\"https:\/\/luhorta.com\/blog\/wp-content\/uploads\/2009\/12\/ensaio-fotogr\u00e1fico-capa-cd-1-016.jpg\"><br \/>\n<\/a><\/p>\n","protected":false},"excerpt":{"rendered":"<p>Lu Horta voa sozinha e acompanhada A cantora, compositora e percussionista corporal Lu Horta participou da forma\u00e7\u00e3o do grupo de percuss\u00e3o corporal Barbatuques, do qual ainda faz parte como integrante e preparadora vocal. Com eles, viaja pelo Brasil e pelo &hellip; <a href=\"https:\/\/luhorta.com\/blog\/english\/\">Continue reading <span class=\"meta-nav\">&rarr;<\/span><\/a><\/p>\n","protected":false},"author":1,"featured_media":0,"parent":0,"menu_order":2,"comment_status":"closed","ping_status":"closed","template":"sidebar-page.php","meta":{"footnotes":""},"class_list":["post-344","page","type-page","status-publish","hentry"],"yoast_head":"<!-- This site is optimized with the Yoast SEO plugin v27.4 - https:\/\/yoast.com\/product\/yoast-seo-wordpress\/ -->\n<title>Bio - Lu Horta<\/title>\n<meta name=\"description\" content=\"singer\/songwriter\" \/>\n<meta name=\"robots\" content=\"index, follow, max-snippet:-1, max-image-preview:large, max-video-preview:-1\" \/>\n<link rel=\"canonical\" href=\"https:\/\/luhorta.com\/blog\/english\/\" \/>\n<meta property=\"og:locale\" content=\"en_US\" \/>\n<meta property=\"og:type\" content=\"article\" \/>\n<meta property=\"og:title\" content=\"Bio - Lu Horta\" \/>\n<meta property=\"og:description\" content=\"singer\/songwriter\" \/>\n<meta property=\"og:url\" content=\"https:\/\/luhorta.com\/blog\/english\/\" \/>\n<meta property=\"og:site_name\" content=\"Lu Horta\" \/>\n<meta property=\"article:publisher\" content=\"http:\/\/www.facebook.com\/luhorta\" \/>\n<meta property=\"article:modified_time\" content=\"2016-05-18T13:03:03+00:00\" \/>\n<meta property=\"og:image\" content=\"http:\/\/luhorta.com\/blog\/wp-content\/uploads\/2009\/12\/Lu-Horta-by-Ina\u00ea-Coutinho.jpg\" \/>\n<meta name=\"twitter:card\" content=\"summary_large_image\" \/>\n<meta name=\"twitter:site\" content=\"@lu_horta_sings\" \/>\n<meta name=\"twitter:label1\" content=\"Est. reading time\" \/>\n\t<meta name=\"twitter:data1\" content=\"4 minutes\" \/>\n<script type=\"application\/ld+json\" class=\"yoast-schema-graph\">{\"@context\":\"https:\\\/\\\/schema.org\",\"@graph\":[{\"@type\":\"WebPage\",\"@id\":\"https:\\\/\\\/luhorta.com\\\/blog\\\/english\\\/\",\"url\":\"https:\\\/\\\/luhorta.com\\\/blog\\\/english\\\/\",\"name\":\"Bio - Lu Horta\",\"isPartOf\":{\"@id\":\"https:\\\/\\\/luhorta.com\\\/blog\\\/#website\"},\"datePublished\":\"2010-06-11T00:05:51+00:00\",\"dateModified\":\"2016-05-18T13:03:03+00:00\",\"description\":\"singer\\\/songwriter\",\"inLanguage\":\"en-US\",\"potentialAction\":[{\"@type\":\"ReadAction\",\"target\":[\"https:\\\/\\\/luhorta.com\\\/blog\\\/english\\\/\"]}]},{\"@type\":\"WebSite\",\"@id\":\"https:\\\/\\\/luhorta.com\\\/blog\\\/#website\",\"url\":\"https:\\\/\\\/luhorta.com\\\/blog\\\/\",\"name\":\"Lu Horta\",\"description\":\"Brazilian singer-songwriter, body percussionist, voice &amp; body-percussion teacher\",\"publisher\":{\"@id\":\"https:\\\/\\\/luhorta.com\\\/blog\\\/#\\\/schema\\\/person\\\/3e58bdae6e5e07031a5acacc17923649\"},\"potentialAction\":[{\"@type\":\"SearchAction\",\"target\":{\"@type\":\"EntryPoint\",\"urlTemplate\":\"https:\\\/\\\/luhorta.com\\\/blog\\\/?s={search_term_string}\"},\"query-input\":{\"@type\":\"PropertyValueSpecification\",\"valueRequired\":true,\"valueName\":\"search_term_string\"}}],\"inLanguage\":\"en-US\"},{\"@type\":[\"Person\",\"Organization\"],\"@id\":\"https:\\\/\\\/luhorta.com\\\/blog\\\/#\\\/schema\\\/person\\\/3e58bdae6e5e07031a5acacc17923649\",\"name\":\"Lu Horta\",\"image\":{\"@type\":\"ImageObject\",\"inLanguage\":\"en-US\",\"@id\":\"https:\\\/\\\/luhorta.com\\\/blog\\\/wp-content\\\/uploads\\\/2010\\\/06\\\/Lu-Horta-150x150.jpg\",\"url\":\"https:\\\/\\\/luhorta.com\\\/blog\\\/wp-content\\\/uploads\\\/2010\\\/06\\\/Lu-Horta-150x150.jpg\",\"contentUrl\":\"https:\\\/\\\/luhorta.com\\\/blog\\\/wp-content\\\/uploads\\\/2010\\\/06\\\/Lu-Horta-150x150.jpg\",\"caption\":\"Lu Horta\"},\"logo\":{\"@id\":\"https:\\\/\\\/luhorta.com\\\/blog\\\/wp-content\\\/uploads\\\/2010\\\/06\\\/Lu-Horta-150x150.jpg\"},\"description\":\"Brazilian singer\\\/songwriter. Acoustic guitar, gentle voice and body percussion combined with electronic creations invite us to a mix of Brazilian pop groove Bossa and poetry.\",\"sameAs\":[\"http:\\\/\\\/www.luhorta.com\",\"http:\\\/\\\/www.facebook.com\\\/luhorta\",\"http:\\\/\\\/instagram\\\/luhorta\",\"https:\\\/\\\/www.linkedin.com\\\/in\\\/luhorta?lipi=urnlipaged_flagship3_profile_view_base_contact_detailsaErq8BJSxy1xNp6cgWw\",\"https:\\\/\\\/x.com\\\/lu_horta_sings\",\"https:\\\/\\\/www.youtube.com\\\/@luhorta\"]}]}<\/script>\n<!-- \/ Yoast SEO plugin. -->","yoast_head_json":{"title":"Bio - Lu Horta","description":"singer\/songwriter","robots":{"index":"index","follow":"follow","max-snippet":"max-snippet:-1","max-image-preview":"max-image-preview:large","max-video-preview":"max-video-preview:-1"},"canonical":"https:\/\/luhorta.com\/blog\/english\/","og_locale":"en_US","og_type":"article","og_title":"Bio - Lu Horta","og_description":"singer\/songwriter","og_url":"https:\/\/luhorta.com\/blog\/english\/","og_site_name":"Lu Horta","article_publisher":"http:\/\/www.facebook.com\/luhorta","article_modified_time":"2016-05-18T13:03:03+00:00","og_image":[{"url":"http:\/\/luhorta.com\/blog\/wp-content\/uploads\/2009\/12\/Lu-Horta-by-Ina\u00ea-Coutinho.jpg","type":"","width":"","height":""}],"twitter_card":"summary_large_image","twitter_site":"@lu_horta_sings","twitter_misc":{"Est. reading time":"4 minutes"},"schema":{"@context":"https:\/\/schema.org","@graph":[{"@type":"WebPage","@id":"https:\/\/luhorta.com\/blog\/english\/","url":"https:\/\/luhorta.com\/blog\/english\/","name":"Bio - Lu Horta","isPartOf":{"@id":"https:\/\/luhorta.com\/blog\/#website"},"datePublished":"2010-06-11T00:05:51+00:00","dateModified":"2016-05-18T13:03:03+00:00","description":"singer\/songwriter","inLanguage":"en-US","potentialAction":[{"@type":"ReadAction","target":["https:\/\/luhorta.com\/blog\/english\/"]}]},{"@type":"WebSite","@id":"https:\/\/luhorta.com\/blog\/#website","url":"https:\/\/luhorta.com\/blog\/","name":"Lu Horta","description":"Brazilian singer-songwriter, body percussionist, voice &amp; body-percussion teacher","publisher":{"@id":"https:\/\/luhorta.com\/blog\/#\/schema\/person\/3e58bdae6e5e07031a5acacc17923649"},"potentialAction":[{"@type":"SearchAction","target":{"@type":"EntryPoint","urlTemplate":"https:\/\/luhorta.com\/blog\/?s={search_term_string}"},"query-input":{"@type":"PropertyValueSpecification","valueRequired":true,"valueName":"search_term_string"}}],"inLanguage":"en-US"},{"@type":["Person","Organization"],"@id":"https:\/\/luhorta.com\/blog\/#\/schema\/person\/3e58bdae6e5e07031a5acacc17923649","name":"Lu Horta","image":{"@type":"ImageObject","inLanguage":"en-US","@id":"https:\/\/luhorta.com\/blog\/wp-content\/uploads\/2010\/06\/Lu-Horta-150x150.jpg","url":"https:\/\/luhorta.com\/blog\/wp-content\/uploads\/2010\/06\/Lu-Horta-150x150.jpg","contentUrl":"https:\/\/luhorta.com\/blog\/wp-content\/uploads\/2010\/06\/Lu-Horta-150x150.jpg","caption":"Lu Horta"},"logo":{"@id":"https:\/\/luhorta.com\/blog\/wp-content\/uploads\/2010\/06\/Lu-Horta-150x150.jpg"},"description":"Brazilian singer\/songwriter. Acoustic guitar, gentle voice and body percussion combined with electronic creations invite us to a mix of Brazilian pop groove Bossa and poetry.","sameAs":["http:\/\/www.luhorta.com","http:\/\/www.facebook.com\/luhorta","http:\/\/instagram\/luhorta","https:\/\/www.linkedin.com\/in\/luhorta?lipi=urnlipaged_flagship3_profile_view_base_contact_detailsaErq8BJSxy1xNp6cgWw","https:\/\/x.com\/lu_horta_sings","https:\/\/www.youtube.com\/@luhorta"]}]}},"_links":{"self":[{"href":"https:\/\/luhorta.com\/blog\/wp-json\/wp\/v2\/pages\/344","targetHints":{"allow":["GET"]}}],"collection":[{"href":"https:\/\/luhorta.com\/blog\/wp-json\/wp\/v2\/pages"}],"about":[{"href":"https:\/\/luhorta.com\/blog\/wp-json\/wp\/v2\/types\/page"}],"author":[{"embeddable":true,"href":"https:\/\/luhorta.com\/blog\/wp-json\/wp\/v2\/users\/1"}],"replies":[{"embeddable":true,"href":"https:\/\/luhorta.com\/blog\/wp-json\/wp\/v2\/comments?post=344"}],"version-history":[{"count":22,"href":"https:\/\/luhorta.com\/blog\/wp-json\/wp\/v2\/pages\/344\/revisions"}],"predecessor-version":[{"id":1430,"href":"https:\/\/luhorta.com\/blog\/wp-json\/wp\/v2\/pages\/344\/revisions\/1430"}],"wp:attachment":[{"href":"https:\/\/luhorta.com\/blog\/wp-json\/wp\/v2\/media?parent=344"}],"curies":[{"name":"wp","href":"https:\/\/api.w.org\/{rel}","templated":true}]}}